{"id":19,"date":"2013-11-12T12:35:44","date_gmt":"2013-11-12T12:35:44","guid":{"rendered":"http:\/\/localhost\/paradise-cove\/?page_id=19"},"modified":"2014-10-21T23:32:08","modified_gmt":"2014-10-21T20:32:08","slug":"cultural-events","status":"publish","type":"page","link":"https:\/\/louisa-monemvasia.gr\/wordpress\/cultural-events\/","title":{"rendered":"Cultural Events"},"content":{"rendered":"<h5 style=\"text-align: center;\"><span style=\"color: #993366;\">Local Cultural Events<\/span><\/h5>\n<hr \/>\n<p>Local Public Holiday in Monemvasia on the 23rd of July each year, commemorating the Sea Battle which took place in 23 July 1821 and the liberation of the town from the Turks. This is an impressive event during which a boat is burnt on fire and the celebration ends with music and fireworks.<\/p>\n<p>Ceremonial Sheep Haircut followed by cooking, eating and dancing.<\/p>\n<p>Local Trade Festival in Krissa during 6-12 September where meals of braised goat and wine are offered.<\/p>\n<p>A Wine Festival is organised at the end of July in Sikia.<\/p>\n<p>Just after the Easter Holidays a relic of Judas is paraded in the streets and burnt.<\/p>\n<p>&nbsp;<\/p>\n<p>&nbsp;<\/p>\n<hr \/>\n<p>&nbsp;<\/p>\n<div class=\"slider slider_quotes \">\n<div class=\"slider_container clearfix\" id=\"testimonials264\">\n<div class=\"slider-item\">\n<div class=\"quote-text\">\u039a\u03c5\u03ba\u03bb\u03b1\u03b4\u03b9\u03bd\u03cc \u03ba\u03c5\u03ba\u03bb\u03ac\u03bc\u03b9\u03bd\u03bf<br \/>\n\u03c3\u03c4\u03bf\u03c5 \u03b2\u03c1\u03ac\u03c7\u03bf\u03c5 \u03c4\u03b7 \u03c3\u03c7\u03b9\u03c3\u03bc\u03ac\u03b4\u03b1<br \/>\n\u03c0\u03bf\u03cd \u03b2\u03c1\u03ae\u03ba\u03b5\u03c2 \u03c7\u03c1\u03ce\u03bc\u03b1\u03c4\u03b1 \u03ba\u03b9 \u03b1\u03bd\u03b8\u03b5\u03af\u03c2<br \/>\n\u03c0\u03bf\u03cd \u03bc\u03af\u03c3\u03c7\u03bf \u03ba\u03b1\u03b9 \u03c3\u03b1\u03bb\u03b5\u03cd\u03b5\u03b9\u03c2\n<\/div>\n<div class=\"quote-author\">Yanis Ritsos &#8211; Kyklamino<\/div>\n<\/p><\/div>\n<div class=\"slider-item\">\n<div class=\"quote-text\">I hide behind simple things so you\u2019ll find me;<br \/>\nif you don\u2019t find me, you\u2019ll find the things,<br \/>\nyou\u2019ll touch what my hand has touched<br \/>\nour hand-prints will merge.\n<\/div>\n<div class=\"quote-author\">Yanis Ritsos &#8211; Poet<\/div>\n<\/p><\/div>\n<div class=\"slider-item\">\n<div class=\"quote-text\">Nichts ist wertvoller als der heutige Tag.\n<\/div>\n<div class=\"quote-author\">Johann Wolfgang von Goethe<\/div>\n<\/p><\/div>\n<div class=\"slider-item\">\n<div class=\"quote-text\">These trees cannot be accommodated beneath a lesser sky\n<\/div>\n<div class=\"quote-author\">Yanis Ritsos &#8211; Romiosini<\/div>\n<\/p><\/div>\n<div class=\"slider-item\">\n<div class=\"quote-text\">\u6709\u670b\u81ea\u8fdc\u65b9\u6765\uff0c\u4e0d\u4ea6\u4e50\u4e4e\uff1f<br \/>\n&#8211; \u00a0Isn&#8217;t it a joy, when friends are coming from afar?\n<\/div>\n<div class=\"quote-author\">Confucius &#8211; Philosopher<\/div>\n<\/p><\/div>\n<div class=\"slider-item\">\n<div class=\"quote-text\">Jamais un pays, sinon la M\u00e9diterran\u00e9e, ne m&#8217;a port\u00e9 \u00e0 la fois si loin et si pr\u00e8s de moi-m\u00eame.\n<\/div>\n<div class=\"quote-author\">Albert Camus  &#8211; auteur<\/div>\n<\/p><\/div>\n<\/p><\/div>\n<p>        <a class=\"prev\" id=\"testimonials264_prev\" href=\"#\"><span class=\"icon icon-chevron-left\"><\/span><\/a><br \/>\n        <a class=\"next\" id=\"testimonials264_next\" href=\"#\"><span class=\"icon icon-chevron-right\"><\/span><\/a>\n    <\/div>\n<p>    <script>\n            jQuery(document).ready(function($) {\n                jQuery(\"#testimonials264\").carouFredSel({\n                    next : \"#testimonials264_next\",\n                    prev : \"#testimonials264_prev\",\n                    responsive: true,\n                    infinite: false,\n                    items: 1,\n                    auto: false,\n                    scroll: {\n                        items : 1,\n                        fx: \"crossfade\",\n                        easing: \"linear\",\n                        duration: 300\n                    }\n                });\n            });\t\n    <\/script>  <\/p>\n<hr \/>\n<p>&nbsp;<\/p>\n<h5 style=\"text-align: center;\"><\/h5>\n","protected":false},"excerpt":{"rendered":"<p>Local Cultural Events Local Public Holiday in Monemvasia on the 23rd of July each year, commemorating the Sea Battle which took place in 23 July 1821 and the liberation of the town from the Turks. This is an impressive event during which a boat is burnt on fire and the<\/p>\n","protected":false},"author":1,"featured_media":0,"parent":0,"menu_order":0,"comment_status":"open","ping_status":"closed","template":"template-page-blog.php","meta":{"_monsterinsights_skip_tracking":false,"_monsterinsights_sitenote_active":false,"_monsterinsights_sitenote_note":"","_monsterinsights_sitenote_category":0,"footnotes":""},"class_list":["post-19","page","type-page","status-publish","hentry"],"_links":{"self":[{"href":"https:\/\/louisa-monemvasia.gr\/wordpress\/wp-json\/wp\/v2\/pages\/19","targetHints":{"allow":["GET"]}}],"collection":[{"href":"https:\/\/louisa-monemvasia.gr\/wordpress\/wp-json\/wp\/v2\/pages"}],"about":[{"href":"https:\/\/louisa-monemvasia.gr\/wordpress\/wp-json\/wp\/v2\/types\/page"}],"author":[{"embeddable":true,"href":"https:\/\/louisa-monemvasia.gr\/wordpress\/wp-json\/wp\/v2\/users\/1"}],"replies":[{"embeddable":true,"href":"https:\/\/louisa-monemvasia.gr\/wordpress\/wp-json\/wp\/v2\/comments?post=19"}],"version-history":[{"count":20,"href":"https:\/\/louisa-monemvasia.gr\/wordpress\/wp-json\/wp\/v2\/pages\/19\/revisions"}],"predecessor-version":[{"id":1349,"href":"https:\/\/louisa-monemvasia.gr\/wordpress\/wp-json\/wp\/v2\/pages\/19\/revisions\/1349"}],"wp:attachment":[{"href":"https:\/\/louisa-monemvasia.gr\/wordpress\/wp-json\/wp\/v2\/media?parent=19"}],"curies":[{"name":"wp","href":"https:\/\/api.w.org\/{rel}","templated":true}]}}